{"id":3,"date":"2023-08-18T11:18:47","date_gmt":"2023-08-18T09:18:47","guid":{"rendered":"https:\/\/new.mecacentre.com\/?page_id=3"},"modified":"2024-05-02T12:21:45","modified_gmt":"2024-05-02T10:21:45","slug":"politica-privacidad","status":"publish","type":"page","link":"https:\/\/new.mecacentre.com\/es\/politica-privacidad\/","title":{"rendered":"Aviso legal"},"content":{"rendered":"<p>En compliment de l&#8217;art. 10 de la Llei 34\/2002, de 11 de juliol, de Serveis de la Societat de la Informaci\u00f3 i de Comer\u00e7 Electr\u00f2nic (LSSI + CE), s&#8217;informa:<\/p>\n<p>La present p\u00e0gina web ha estat dissenyada per donar a con\u00e8ixer i permetre l&#8217;acc\u00e9s al p\u00fablic a la informaci\u00f3 relativa als continguts, activitats i serveis oferts per MECA CENTRE S.L. (A partir d&#8217;ara MECA CENTRE) amb NIF B-17330127, i domicili social al C\/ Barris i Buix\u00f3 cant. Picasso, CP: 17200 PALAFRUGELL (Girona); amb mail de contacte mecacentre@mecacentre.com. A m\u00e9s es possibilita l&#8217;acc\u00e9s a altres informacions, productes i serveis d&#8217;entitats a MECA CENTRE, aix\u00ed com aquelles que deuen ser accessibles mitjan\u00e7ant els \u00ablinks\u00bb (enlla\u00e7os) i connexions existents. MECA CENTRE, es reserva el dret de modificar la present pol\u00edtica segons convingui.<\/p>\n<p>El present Av\u00eds Legal es troba redactat en idioma catal\u00e0.<\/p>\n<h4>DADES<\/h4>\n<p>La informaci\u00f3 o dades personals que l&#8217;usuari faciliti seran tractades d&#8217;acord amb el que estableixen les Pol\u00edtiques de Protecci\u00f3 de Dades. Al fer \u00fas d&#8217;aquesta p\u00e0gina web l&#8217;usuari consent el tractament d&#8217;aquesta informaci\u00f3 i dades i declara que tota la informaci\u00f3 o dades que siguin facilitades s\u00f3n veraces i es corresponen amb la realitat.<\/p>\n<h4>PRIVACITAT \/ PROTECCI\u00d3 DE DADES PERSONALS<\/h4>\n<p>MECA CENTRE SL compleix amb les directrius Reglament General de Protecci\u00f3 de dades (Reglament (UE) 2016\/679) i la resta de normativa vigent en cada moment, i vetlla per garantir un correcte \u00fas i tractament de les dades personals de l&#8217;usuari.<\/p>\n<p>Per a aix\u00f2, al costat de cada formulari de recaptaci\u00f3 de dades de car\u00e0cter personal, en els serveis que l&#8217;usuari pugui sol\u00b7licitar a Nom de l&#8217;empresa creadora de la p\u00e0gina web, es fa saber a l&#8217;usuari de l&#8217;exist\u00e8ncia i acceptaci\u00f3 de les condicions particulars del tractament de les seves dades en cada cas, informant-li de la responsabilitat del fitxer creat, la direcci\u00f3 del responsable, la possibilitat d&#8217;exercir els seus drets d&#8217;acc\u00e9s, rectificaci\u00f3, cancel\u00b7laci\u00f3 o oposici\u00f3, la finalitat del tractament i les comunicacions de dades a tercers si \u00e9s el cas.<\/p>\n<p>Aix\u00ed mateix, MECA CENTRE SL creadora del lloc web informa que d\u00f3na compliment a la Llei 34\/2002 de 11 de juliol, de Serveis de la Societat de la Informaci\u00f3 i el Comer\u00e7 Electr\u00f2nic i sol\u00b7licitar\u00e0 a l&#8217;usuari el seu consentiment al tractament del seu correu electr\u00f2nic amb fins comercials en cada moment.<\/p>\n<h4>OBLIGACIONS L&#8217;USUARI<\/h4>\n<p>L&#8217;usuari haur\u00e0 de respectar en tot moment els termes i condicions establerts per la p\u00e0gina web.<\/p>\n<p>L&#8217;usuari utilitzar\u00e0 la p\u00e0gina web de forma diligent i assumint qualsevol responsabilitat que pogu\u00e9s derivar-se a l&#8217;incomplir els termes i condicions de la p\u00e0gina web.<\/p>\n<p>L&#8217;usuari no podr\u00e0 utilitzar la p\u00e0gina web per transmetre, emmagatzemar, divulgar, promoure o distribuir dades o continguts que siguin portadors de virus o qualsevol altre codi inform\u00e0tic, arxius o programes dissenyats per interrompre, destruir o perjudicar el funcionament de qualsevol programa o equip inform\u00e0tic o de telecomunicacions.<\/p>\n<h4>PROPIETAT INDUSTRIAL I INTEL\u00b7LECTUAL<\/h4>\n<p>MECA CENTRE SL per si o com a cession\u00e0ria, \u00e9s titular de tots els drets de propietat intel\u00b7lectual i industrial de la seva p\u00e0gina web, aix\u00ed com dels elements continguts en la mateixa (a t\u00edtol enunciatiu, imatges, so, \u00e0udio, v\u00eddeo, programari o textos; marques o logotips, combinacions de colors, estructura i disseny, selecci\u00f3 de materials usats, programes d&#8217;ordinador necessaris per al seu funcionament, acc\u00e9s i \u00fas, etc.), titularitat de MECA CENTRE SL o b\u00e9 dels seus llicenciants.<\/p>\n<p>En virtut del que disposen els articles 8 i 32.1, par\u00e0graf segon, de la Llei de Propietat Intel\u00b7lectual, queden expressament prohibides la reproducci\u00f3, la distribuci\u00f3 i la comunicaci\u00f3 p\u00fablica, inclosa la seva modalitat de posada a disposici\u00f3, de la totalitat o part dels continguts d&#8217;aquesta p\u00e0gina web, amb fins comercials, en qualsevol suport i per qualsevol mitj\u00e0 t\u00e8cnic, sense l&#8217;autoritzaci\u00f3 de MECA CENTRE SL Tots els drets reservats.<\/p>\n<p>L&#8217;usuari es compromet a respectar els drets de Propietat Intel\u00b7lectual i Industrial titularitat de MECA CENTRE SL Podr\u00e0 visualitzar els elements del portal i fins i tot imprimir-los, copiar-los i emmagatzemar-los al disc dur del seu ordinador o en qualsevol altre suport f\u00edsic sempre que sigui, \u00fanica i exclusivament, per al seu \u00fas personal i privat. L&#8217;usuari haur\u00e0 d&#8217;abstenir-se de suprimir, alterar, eludir o manipular qualsevol dispositiu de protecci\u00f3 o sistema de seguretat que estigu\u00e9s instal\u00b7lat a les p\u00e0gines de MECA CENTRE SL<\/p>\n<h4>DRET D&#8217;EXCLUSI\u00d3<\/h4>\n<p>MECA CENTRE SL es reserva el dret a denegar o retirar l&#8217;acc\u00e9s a portal i \/ o els serveis oferts sense necessitat de preav\u00eds, a inst\u00e0ncia pr\u00f2pia o d&#8217;un tercer, a aquells usuaris que incompleixin les condicions d&#8217;\u00fas del portal.<\/p>\n<p>MECA CENTRE SL perseguir\u00e0 l&#8217;incompliment de les condicions d&#8217;\u00fas del portal, aix\u00ed com qualsevol utilitzaci\u00f3 indeguda del seu portal exercint totes les accions civils i penals que li puguin correspondre en dret.<\/p>\n<h4>MODIFICACIONS I ENLLA\u00c7OS<\/h4>\n<p>MECA CENTRE SL es reserva el dret d&#8217;efectuar sense previ av\u00eds les modificacions que consideri oportunes al seu lloc web, podent canviar, suprimir o afegir tant els continguts i serveis que presta com la forma en qu\u00e8 aquests apareguin presentats o localitzats, aix\u00ed com a les Condicions Generals de Contractaci\u00f3 aqu\u00ed determinades.<\/p>\n<p>MECA CENTRE SL no es responsabilitza del mal \u00fas que es realitzi dels continguts de la seva p\u00e0gina web, sent exclusiva responsabilitat de la persona que accedeix a ells o els utilitza.<\/p>\n<p>En el cas que en www.mecacentre.com es disposessin enlla\u00e7os o hipervincles cap a altres llocs d&#8217;Internet, MECA CENTRE SL creadora del lloc web no exercir\u00e0 cap tipus de control sobre aquests llocs i continguts. En cap cas MECA CENTRE SL creadora del lloc web assumir\u00e0 responsabilitat alguna pels continguts d&#8217;algun enlla\u00e7 pertanyent a un lloc web ali\u00e8, ni garantir\u00e0 la disponibilitat t\u00e8cnica, qualitat, fiabilitat, exactitud, amplitud, veracitat, validesa i constitucionalitat de qualsevol material o informaci\u00f3 continguda en cap d&#8217;aquests hipervincles o altres llocs d&#8217;Internet. Igualment, la inclusi\u00f3 d&#8217;aquestes connexions externes no implicar\u00e0 cap tipus d&#8217;associaci\u00f3, fusi\u00f3 o participaci\u00f3 amb les entitats connectades.<\/p>\n<h4>LLEI APLICABLE I JURISDICCI\u00d3 COMPETENT<\/h4>\n<p>Les condicions d&#8217;\u00fas de la P\u00e0gina Web contingudes en aquest Av\u00eds Legal, aix\u00ed com les relacions entre l&#8217;usuari i MECA CENTRE SL, es regiran i interpretaran d&#8217;acord amb les lleis espanyoles. Per a la soluci\u00f3 de qualsevol conflicte que pogu\u00e9s suscitar-se, l&#8217;usuari i MECA CENTRE SL se sotmeten expressament a la compet\u00e8ncia i jurisdicci\u00f3 dels jutjats i tribunals de la ciutat de GIRONA, renunciant expressament a qualsevol altre fur que pogu\u00e9s correspondre&#8217;ls.<\/p>\n","protected":false},"excerpt":{"rendered":"<p>En compliment de l&#8217;art. 10 de la Llei 34\/2002, de [&hellip;]<\/p>\n","protected":false},"author":1,"featured_media":0,"parent":0,"menu_order":0,"comment_status":"closed","ping_status":"open","template":"","meta":{"_joinchat":[],"footnotes":""},"class_list":["post-3","page","type-page","status-publish","hentry"],"yoast_head":"<!-- This site is optimized with the Yoast SEO plugin v21.3 - https:\/\/yoast.com\/wordpress\/plugins\/seo\/ -->\n<title>Aviso legal - Meca Centre<\/title>\n<meta name=\"robots\" content=\"index, follow, max-snippet:-1, max-image-preview:large, max-video-preview:-1\" \/>\n<link rel=\"canonical\" href=\"https:\/\/new.mecacentre.com\/es\/politica-privacidad\/\" \/>\n<meta property=\"og:locale\" content=\"es_ES\" \/>\n<meta property=\"og:type\" content=\"article\" \/>\n<meta property=\"og:title\" content=\"Aviso legal - Meca Centre\" \/>\n<meta property=\"og:description\" content=\"En compliment de l&#8217;art. 10 de la Llei 34\/2002, de [&hellip;]\" \/>\n<meta property=\"og:url\" content=\"https:\/\/new.mecacentre.com\/es\/politica-privacidad\/\" \/>\n<meta property=\"og:site_name\" content=\"Meca Centre\" \/>\n<meta property=\"article:publisher\" content=\"https:\/\/www.facebook.com\/profile.php?id=100064106130613\" \/>\n<meta property=\"article:modified_time\" content=\"2024-05-02T10:21:45+00:00\" \/>\n<meta name=\"twitter:card\" content=\"summary_large_image\" \/>\n<meta name=\"twitter:site\" content=\"@MecaCentre\" \/>\n<meta name=\"twitter:label1\" content=\"Tiempo de lectura\" \/>\n\t<meta name=\"twitter:data1\" content=\"6 minutos\" \/>\n<script type=\"application\/ld+json\" class=\"yoast-schema-graph\">{\"@context\":\"https:\/\/schema.org\",\"@graph\":[{\"@type\":\"WebPage\",\"@id\":\"https:\/\/new.mecacentre.com\/es\/politica-privacidad\/\",\"url\":\"https:\/\/new.mecacentre.com\/es\/politica-privacidad\/\",\"name\":\"Aviso legal - Meca Centre\",\"isPartOf\":{\"@id\":\"https:\/\/new.mecacentre.com\/#website\"},\"datePublished\":\"2023-08-18T09:18:47+00:00\",\"dateModified\":\"2024-05-02T10:21:45+00:00\",\"breadcrumb\":{\"@id\":\"https:\/\/new.mecacentre.com\/es\/politica-privacidad\/#breadcrumb\"},\"inLanguage\":\"es\",\"potentialAction\":[{\"@type\":\"ReadAction\",\"target\":[\"https:\/\/new.mecacentre.com\/es\/politica-privacidad\/\"]}]},{\"@type\":\"BreadcrumbList\",\"@id\":\"https:\/\/new.mecacentre.com\/es\/politica-privacidad\/#breadcrumb\",\"itemListElement\":[{\"@type\":\"ListItem\",\"position\":1,\"name\":\"Portada\",\"item\":\"https:\/\/new.mecacentre.com\/es\/\"},{\"@type\":\"ListItem\",\"position\":2,\"name\":\"Aviso legal\"}]},{\"@type\":\"WebSite\",\"@id\":\"https:\/\/new.mecacentre.com\/#website\",\"url\":\"https:\/\/new.mecacentre.com\/\",\"name\":\"Meca Centre\",\"description\":\"\",\"publisher\":{\"@id\":\"https:\/\/new.mecacentre.com\/#organization\"},\"potentialAction\":[{\"@type\":\"SearchAction\",\"target\":{\"@type\":\"EntryPoint\",\"urlTemplate\":\"https:\/\/new.mecacentre.com\/?s={search_term_string}\"},\"query-input\":\"required name=search_term_string\"}],\"inLanguage\":\"es\"},{\"@type\":\"Organization\",\"@id\":\"https:\/\/new.mecacentre.com\/#organization\",\"name\":\"Meca Centre\",\"url\":\"https:\/\/new.mecacentre.com\/\",\"logo\":{\"@type\":\"ImageObject\",\"inLanguage\":\"es\",\"@id\":\"https:\/\/new.mecacentre.com\/#\/schema\/logo\/image\/\",\"url\":\"https:\/\/new.mecacentre.com\/wp-content\/uploads\/2023\/08\/Logo-Meca-Centre-amb-text.jpg\",\"contentUrl\":\"https:\/\/new.mecacentre.com\/wp-content\/uploads\/2023\/08\/Logo-Meca-Centre-amb-text.jpg\",\"width\":798,\"height\":704,\"caption\":\"Meca Centre\"},\"image\":{\"@id\":\"https:\/\/new.mecacentre.com\/#\/schema\/logo\/image\/\"},\"sameAs\":[\"https:\/\/www.facebook.com\/profile.php?id=100064106130613\",\"https:\/\/twitter.com\/MecaCentre\",\"https:\/\/www.instagram.com\/mecacentre\/\"]}]}<\/script>\n<!-- \/ Yoast SEO plugin. -->","yoast_head_json":{"title":"Aviso legal - Meca Centre","robots":{"index":"index","follow":"follow","max-snippet":"max-snippet:-1","max-image-preview":"max-image-preview:large","max-video-preview":"max-video-preview:-1"},"canonical":"https:\/\/new.mecacentre.com\/es\/politica-privacidad\/","og_locale":"es_ES","og_type":"article","og_title":"Aviso legal - Meca Centre","og_description":"En compliment de l&#8217;art. 10 de la Llei 34\/2002, de [&hellip;]","og_url":"https:\/\/new.mecacentre.com\/es\/politica-privacidad\/","og_site_name":"Meca Centre","article_publisher":"https:\/\/www.facebook.com\/profile.php?id=100064106130613","article_modified_time":"2024-05-02T10:21:45+00:00","twitter_card":"summary_large_image","twitter_site":"@MecaCentre","twitter_misc":{"Tiempo de lectura":"6 minutos"},"schema":{"@context":"https:\/\/schema.org","@graph":[{"@type":"WebPage","@id":"https:\/\/new.mecacentre.com\/es\/politica-privacidad\/","url":"https:\/\/new.mecacentre.com\/es\/politica-privacidad\/","name":"Aviso legal - Meca Centre","isPartOf":{"@id":"https:\/\/new.mecacentre.com\/#website"},"datePublished":"2023-08-18T09:18:47+00:00","dateModified":"2024-05-02T10:21:45+00:00","breadcrumb":{"@id":"https:\/\/new.mecacentre.com\/es\/politica-privacidad\/#breadcrumb"},"inLanguage":"es","potentialAction":[{"@type":"ReadAction","target":["https:\/\/new.mecacentre.com\/es\/politica-privacidad\/"]}]},{"@type":"BreadcrumbList","@id":"https:\/\/new.mecacentre.com\/es\/politica-privacidad\/#breadcrumb","itemListElement":[{"@type":"ListItem","position":1,"name":"Portada","item":"https:\/\/new.mecacentre.com\/es\/"},{"@type":"ListItem","position":2,"name":"Aviso legal"}]},{"@type":"WebSite","@id":"https:\/\/new.mecacentre.com\/#website","url":"https:\/\/new.mecacentre.com\/","name":"Meca Centre","description":"","publisher":{"@id":"https:\/\/new.mecacentre.com\/#organization"},"potentialAction":[{"@type":"SearchAction","target":{"@type":"EntryPoint","urlTemplate":"https:\/\/new.mecacentre.com\/?s={search_term_string}"},"query-input":"required name=search_term_string"}],"inLanguage":"es"},{"@type":"Organization","@id":"https:\/\/new.mecacentre.com\/#organization","name":"Meca Centre","url":"https:\/\/new.mecacentre.com\/","logo":{"@type":"ImageObject","inLanguage":"es","@id":"https:\/\/new.mecacentre.com\/#\/schema\/logo\/image\/","url":"https:\/\/new.mecacentre.com\/wp-content\/uploads\/2023\/08\/Logo-Meca-Centre-amb-text.jpg","contentUrl":"https:\/\/new.mecacentre.com\/wp-content\/uploads\/2023\/08\/Logo-Meca-Centre-amb-text.jpg","width":798,"height":704,"caption":"Meca Centre"},"image":{"@id":"https:\/\/new.mecacentre.com\/#\/schema\/logo\/image\/"},"sameAs":["https:\/\/www.facebook.com\/profile.php?id=100064106130613","https:\/\/twitter.com\/MecaCentre","https:\/\/www.instagram.com\/mecacentre\/"]}]}},"_links":{"self":[{"href":"https:\/\/new.mecacentre.com\/es\/wp-json\/wp\/v2\/pages\/3","targetHints":{"allow":["GET"]}}],"collection":[{"href":"https:\/\/new.mecacentre.com\/es\/wp-json\/wp\/v2\/pages"}],"about":[{"href":"https:\/\/new.mecacentre.com\/es\/wp-json\/wp\/v2\/types\/page"}],"author":[{"embeddable":true,"href":"https:\/\/new.mecacentre.com\/es\/wp-json\/wp\/v2\/users\/1"}],"replies":[{"embeddable":true,"href":"https:\/\/new.mecacentre.com\/es\/wp-json\/wp\/v2\/comments?post=3"}],"version-history":[{"count":4,"href":"https:\/\/new.mecacentre.com\/es\/wp-json\/wp\/v2\/pages\/3\/revisions"}],"predecessor-version":[{"id":2809,"href":"https:\/\/new.mecacentre.com\/es\/wp-json\/wp\/v2\/pages\/3\/revisions\/2809"}],"wp:attachment":[{"href":"https:\/\/new.mecacentre.com\/es\/wp-json\/wp\/v2\/media?parent=3"}],"curies":[{"name":"wp","href":"https:\/\/api.w.org\/{rel}","templated":true}]}}