{"id":2350,"date":"2023-08-22T15:43:10","date_gmt":"2023-08-22T13:43:10","guid":{"rendered":"https:\/\/new.mecacentre.com\/?page_id=2350"},"modified":"2024-05-02T12:22:55","modified_gmt":"2024-05-02T10:22:55","slug":"politica-de-cookies","status":"publish","type":"page","link":"https:\/\/new.mecacentre.com\/es\/politica-de-cookies\/","title":{"rendered":"Pol\u00edtica de cookies"},"content":{"rendered":"<p>MECA CENTRE SL l&#8217;informa que aquesta p\u00e0gina web utilitza cookies pr\u00f2pies i de tercers per millorar els nostres serveis.<\/p>\n<h4>QU\u00c8 \u00c9S UNA \u00abCOOKIE\u00bb?<\/h4>\n<p>Una galeta \u00e9s un fitxer que es descarrega l&#8217;equip de l&#8217;usuari a l&#8217;accedir a determinades p\u00e0gines web per a emmagatzemar i recuperar informaci\u00f3 sobre la navegaci\u00f3 que s&#8217;efectua des d&#8217;aquest equip. Exerceixen una doble funci\u00f3, portant el control i reconeixement d&#8217;usuaris, i aconseguint informaci\u00f3 sobre els h\u00e0bits de navegaci\u00f3 de l&#8217;usuari.<\/p>\n<h4>POT PERMETRE, BLOQUEJAR O ELIMINAR LES COOKIES<\/h4>\n<p>Les cookies instal\u00b7lades en el seu equip es poden bloquejar o eliminar mitjan\u00e7ant la configuraci\u00f3 de les opcions de el navegador en el vostre ordinador.<\/p>\n<p>Firefox des d&#8217;aqu\u00ed:<br \/>\n<a href=\"https:\/\/support.mozilla.org\/es\/kb\/cookies-informacion-que-los-sitios-web-guardan-en-#w_configurar-las-cookies\">https:\/\/support.mozilla.org\/es\/kb\/cookies-informacion-que-los-sitios-web-guardan-en-#w_configurar-las-cookies<\/a><\/p>\n<p>Chrome des d&#8217;aqu\u00ed:<br \/>\n<a href=\"http:\/\/support.google.com\/chrome\/bin\/answer.py?hl=es&amp;answer=95647\">http:\/\/support.google.com\/chrome\/bin\/answer.py?hl=es&amp;answer=95647<\/a><\/p>\n<p>Opera des d&#8217;aqu\u00ed:<br \/>\n<a href=\"http:\/\/help.opera.com\/Windows\/11.50\/es-ES\/cookies.html\">http:\/\/help.opera.com\/Windows\/11.50\/es-ES\/cookies.html<\/a><\/p>\n<p>Explorer des d&#8217;aqu\u00ed:<br \/>\n<a href=\"http:\/\/windows.microsoft.com\/es-es\/windows7\/how-to-manage-cookies-in-internet-explorer-9\">http:\/\/windows.microsoft.com\/es-es\/windows7\/how-to-manage-cookies-in-internet-explorer-9<\/a><br \/>\n<a href=\"http:\/\/windows.microsoft.com\/es-es\/internet-explorer\/delete-manage-cookies#ie=ie-11\">http:\/\/windows.microsoft.com\/es-es\/internet-explorer\/delete-manage-cookies#ie=ie-11<\/a><\/p>\n<p>Safari des d&#8217;aqu\u00ed:<br \/>\n<a href=\"http:\/\/support.apple.com\/kb\/ph5042\">http:\/\/support.apple.com\/kb\/ph5042<\/a><\/p>\n<h4>QUINS TIPUS DE COOKIES UTILITZA AQUESTA P\u00c0GINA WEB?<\/h4>\n<p>Els tipus de cookies que utilitzem:<\/p>\n<p><b>Galetes estrictament necess\u00e0ries:\u00a0<\/b>Aquestes cookies s\u00f3n necess\u00e0ries per al correcte \u00fas de la p\u00e0gina web<\/p>\n<p><b>Galetes de Navegaci\u00f3:\u00a0<\/b>Aquestes galetes recullen informaci\u00f3 sobre l&#8217;\u00fas que les visites fan del web (Google analytics), per exemple p\u00e0gines vistes, errors de c\u00e0rrega &#8230; \u00c9s informaci\u00f3 gen\u00e8rica i an\u00f2nima, on no s&#8217;inclouen dades personals, ni es recull informaci\u00f3 que identifiqui els visitants; sent l&#8217;objectiu \u00faltim millorar el funcionament de la web.<\/p>\n<p><b>Galetes Funcionals:\u00a0<\/b>Aquestes galetes permeten recordar informaci\u00f3 (com el seu nom d&#8217;usuari, idioma, &#8230;) per poder accedir a cursos on-line, per exemple.\u00a0<a href=\"http:\/\/politicadecookies.com\/situacion.php\">http:\/\/politicadecookies.com\/situacion.php<\/a><\/p>\n<h4>ENLLA\u00c7OS EXTERNS A XARXES SOCIALS<\/h4>\n<p>Les galetes de xarxes socials poden emmagatzemar al navegador mentre navegues per la nostra web per exemple, quan fas servir el bot\u00f3 de compartir els nostres continguts en alguna xarxa social.<\/p>\n<p>Aquest web t\u00e9 enlla\u00e7os externs a altres llocs web que podrien tractar la informaci\u00f3 d&#8217;acord amb altres pol\u00edtiques de privacitat (p.ex., xarxes socials com Facebook, Twitter). En cap cas serem responsables de l&#8217;\u00fas que tercers facin d&#8217;aquesta informaci\u00f3 si l&#8217;interessat decideix lliurement proporcionar-los.<\/p>\n<p>Per millorar la usabilitat dels f\u00f2rums, aquesta web ha habilitat botons socials de Facebook, TWITTER, GOOGLE +, per permetre que l&#8217;usuari pugui compartir amb el seu cercle social aquells continguts que li resultin d&#8217;inter\u00e8s. Aix\u00ed mateix, els botons socials et eviten la mol\u00e8stia d&#8217;aportar les teves dades personals a aquesta web mitjan\u00e7ant l&#8217;aprofitament de la informaci\u00f3 ia compartida de les esmentades xarxes socials, dades a les quals no tenim acc\u00e9s.<\/p>\n<p>Les empreses que generen aquestes cookies tenen les seves pr\u00f2pies pol\u00edtiques de galetes.<\/p>\n<p>Cookie de Twitter, segons el que disposa la seva pol\u00edtica de privacitat i \u00fas de cookies.<br \/>\nCookie de Facebook, segons el que disposa la seva Pol\u00edtica de Cookies<br \/>\nCookie de Google+ i Google Maps, segons el que disposa la seva p\u00e0gina sobre quin tipus de cookies utilitzen.<\/p>\n<h4>QU\u00c8 PASSA SI ES DESACTIVEN LES GALETES<\/h4>\n<p>La navegaci\u00f3 per la nostra web podria no ser \u00f2ptima i alguns recursos estar deshabilitats.<\/p>\n<h4>ACTUALITZACIONS I CANVIS<\/h4>\n<p>El Titular pot modificar aquesta Pol\u00edtica de Cookies en funci\u00f3 d&#8217;exig\u00e8ncies legislatives, reglament\u00e0ries, o amb la finalitat d&#8217;adaptar aquesta pol\u00edtica a les instruccions dictades per l&#8217;Ag\u00e8ncia Espanyola de Protecci\u00f3 de Dades, per aix\u00f2 s&#8217;aconsella als usuaris que la visitin peri\u00f2dicament.<\/p>\n","protected":false},"excerpt":{"rendered":"<p>MECA CENTRE SL l&#8217;informa que aquesta p\u00e0gina web utilitza cookies [&hellip;]<\/p>\n","protected":false},"author":1,"featured_media":0,"parent":0,"menu_order":0,"comment_status":"closed","ping_status":"open","template":"","meta":{"_joinchat":[],"footnotes":""},"class_list":["post-2350","page","type-page","status-publish","hentry"],"yoast_head":"<!-- This site is optimized with the Yoast SEO plugin v21.3 - https:\/\/yoast.com\/wordpress\/plugins\/seo\/ -->\n<title>Pol\u00edtica de cookies - Meca Centre<\/title>\n<meta name=\"robots\" content=\"index, follow, max-snippet:-1, max-image-preview:large, max-video-preview:-1\" \/>\n<link rel=\"canonical\" href=\"https:\/\/new.mecacentre.com\/es\/politica-de-cookies\/\" \/>\n<meta property=\"og:locale\" content=\"es_ES\" \/>\n<meta property=\"og:type\" content=\"article\" \/>\n<meta property=\"og:title\" content=\"Pol\u00edtica de cookies - Meca Centre\" \/>\n<meta property=\"og:description\" content=\"MECA CENTRE SL l&#8217;informa que aquesta p\u00e0gina web utilitza cookies [&hellip;]\" \/>\n<meta property=\"og:url\" content=\"https:\/\/new.mecacentre.com\/es\/politica-de-cookies\/\" \/>\n<meta property=\"og:site_name\" content=\"Meca Centre\" \/>\n<meta property=\"article:publisher\" content=\"https:\/\/www.facebook.com\/profile.php?id=100064106130613\" \/>\n<meta property=\"article:modified_time\" content=\"2024-05-02T10:22:55+00:00\" \/>\n<meta name=\"twitter:card\" content=\"summary_large_image\" \/>\n<meta name=\"twitter:site\" content=\"@MecaCentre\" \/>\n<meta name=\"twitter:label1\" content=\"Tiempo de lectura\" \/>\n\t<meta name=\"twitter:data1\" content=\"3 minutos\" \/>\n<script type=\"application\/ld+json\" class=\"yoast-schema-graph\">{\"@context\":\"https:\/\/schema.org\",\"@graph\":[{\"@type\":\"WebPage\",\"@id\":\"https:\/\/new.mecacentre.com\/es\/politica-de-cookies\/\",\"url\":\"https:\/\/new.mecacentre.com\/es\/politica-de-cookies\/\",\"name\":\"Pol\u00edtica de cookies - Meca Centre\",\"isPartOf\":{\"@id\":\"https:\/\/new.mecacentre.com\/#website\"},\"datePublished\":\"2023-08-22T13:43:10+00:00\",\"dateModified\":\"2024-05-02T10:22:55+00:00\",\"breadcrumb\":{\"@id\":\"https:\/\/new.mecacentre.com\/es\/politica-de-cookies\/#breadcrumb\"},\"inLanguage\":\"es\",\"potentialAction\":[{\"@type\":\"ReadAction\",\"target\":[\"https:\/\/new.mecacentre.com\/es\/politica-de-cookies\/\"]}]},{\"@type\":\"BreadcrumbList\",\"@id\":\"https:\/\/new.mecacentre.com\/es\/politica-de-cookies\/#breadcrumb\",\"itemListElement\":[{\"@type\":\"ListItem\",\"position\":1,\"name\":\"Portada\",\"item\":\"https:\/\/new.mecacentre.com\/es\/\"},{\"@type\":\"ListItem\",\"position\":2,\"name\":\"Pol\u00edtica de cookies\"}]},{\"@type\":\"WebSite\",\"@id\":\"https:\/\/new.mecacentre.com\/#website\",\"url\":\"https:\/\/new.mecacentre.com\/\",\"name\":\"Meca Centre\",\"description\":\"\",\"publisher\":{\"@id\":\"https:\/\/new.mecacentre.com\/#organization\"},\"potentialAction\":[{\"@type\":\"SearchAction\",\"target\":{\"@type\":\"EntryPoint\",\"urlTemplate\":\"https:\/\/new.mecacentre.com\/?s={search_term_string}\"},\"query-input\":\"required name=search_term_string\"}],\"inLanguage\":\"es\"},{\"@type\":\"Organization\",\"@id\":\"https:\/\/new.mecacentre.com\/#organization\",\"name\":\"Meca Centre\",\"url\":\"https:\/\/new.mecacentre.com\/\",\"logo\":{\"@type\":\"ImageObject\",\"inLanguage\":\"es\",\"@id\":\"https:\/\/new.mecacentre.com\/#\/schema\/logo\/image\/\",\"url\":\"https:\/\/new.mecacentre.com\/wp-content\/uploads\/2023\/08\/Logo-Meca-Centre-amb-text.jpg\",\"contentUrl\":\"https:\/\/new.mecacentre.com\/wp-content\/uploads\/2023\/08\/Logo-Meca-Centre-amb-text.jpg\",\"width\":798,\"height\":704,\"caption\":\"Meca Centre\"},\"image\":{\"@id\":\"https:\/\/new.mecacentre.com\/#\/schema\/logo\/image\/\"},\"sameAs\":[\"https:\/\/www.facebook.com\/profile.php?id=100064106130613\",\"https:\/\/twitter.com\/MecaCentre\",\"https:\/\/www.instagram.com\/mecacentre\/\"]}]}<\/script>\n<!-- \/ Yoast SEO plugin. -->","yoast_head_json":{"title":"Pol\u00edtica de cookies - Meca Centre","robots":{"index":"index","follow":"follow","max-snippet":"max-snippet:-1","max-image-preview":"max-image-preview:large","max-video-preview":"max-video-preview:-1"},"canonical":"https:\/\/new.mecacentre.com\/es\/politica-de-cookies\/","og_locale":"es_ES","og_type":"article","og_title":"Pol\u00edtica de cookies - Meca Centre","og_description":"MECA CENTRE SL l&#8217;informa que aquesta p\u00e0gina web utilitza cookies [&hellip;]","og_url":"https:\/\/new.mecacentre.com\/es\/politica-de-cookies\/","og_site_name":"Meca Centre","article_publisher":"https:\/\/www.facebook.com\/profile.php?id=100064106130613","article_modified_time":"2024-05-02T10:22:55+00:00","twitter_card":"summary_large_image","twitter_site":"@MecaCentre","twitter_misc":{"Tiempo de lectura":"3 minutos"},"schema":{"@context":"https:\/\/schema.org","@graph":[{"@type":"WebPage","@id":"https:\/\/new.mecacentre.com\/es\/politica-de-cookies\/","url":"https:\/\/new.mecacentre.com\/es\/politica-de-cookies\/","name":"Pol\u00edtica de cookies - Meca Centre","isPartOf":{"@id":"https:\/\/new.mecacentre.com\/#website"},"datePublished":"2023-08-22T13:43:10+00:00","dateModified":"2024-05-02T10:22:55+00:00","breadcrumb":{"@id":"https:\/\/new.mecacentre.com\/es\/politica-de-cookies\/#breadcrumb"},"inLanguage":"es","potentialAction":[{"@type":"ReadAction","target":["https:\/\/new.mecacentre.com\/es\/politica-de-cookies\/"]}]},{"@type":"BreadcrumbList","@id":"https:\/\/new.mecacentre.com\/es\/politica-de-cookies\/#breadcrumb","itemListElement":[{"@type":"ListItem","position":1,"name":"Portada","item":"https:\/\/new.mecacentre.com\/es\/"},{"@type":"ListItem","position":2,"name":"Pol\u00edtica de cookies"}]},{"@type":"WebSite","@id":"https:\/\/new.mecacentre.com\/#website","url":"https:\/\/new.mecacentre.com\/","name":"Meca Centre","description":"","publisher":{"@id":"https:\/\/new.mecacentre.com\/#organization"},"potentialAction":[{"@type":"SearchAction","target":{"@type":"EntryPoint","urlTemplate":"https:\/\/new.mecacentre.com\/?s={search_term_string}"},"query-input":"required name=search_term_string"}],"inLanguage":"es"},{"@type":"Organization","@id":"https:\/\/new.mecacentre.com\/#organization","name":"Meca Centre","url":"https:\/\/new.mecacentre.com\/","logo":{"@type":"ImageObject","inLanguage":"es","@id":"https:\/\/new.mecacentre.com\/#\/schema\/logo\/image\/","url":"https:\/\/new.mecacentre.com\/wp-content\/uploads\/2023\/08\/Logo-Meca-Centre-amb-text.jpg","contentUrl":"https:\/\/new.mecacentre.com\/wp-content\/uploads\/2023\/08\/Logo-Meca-Centre-amb-text.jpg","width":798,"height":704,"caption":"Meca Centre"},"image":{"@id":"https:\/\/new.mecacentre.com\/#\/schema\/logo\/image\/"},"sameAs":["https:\/\/www.facebook.com\/profile.php?id=100064106130613","https:\/\/twitter.com\/MecaCentre","https:\/\/www.instagram.com\/mecacentre\/"]}]}},"_links":{"self":[{"href":"https:\/\/new.mecacentre.com\/es\/wp-json\/wp\/v2\/pages\/2350","targetHints":{"allow":["GET"]}}],"collection":[{"href":"https:\/\/new.mecacentre.com\/es\/wp-json\/wp\/v2\/pages"}],"about":[{"href":"https:\/\/new.mecacentre.com\/es\/wp-json\/wp\/v2\/types\/page"}],"author":[{"embeddable":true,"href":"https:\/\/new.mecacentre.com\/es\/wp-json\/wp\/v2\/users\/1"}],"replies":[{"embeddable":true,"href":"https:\/\/new.mecacentre.com\/es\/wp-json\/wp\/v2\/comments?post=2350"}],"version-history":[{"count":2,"href":"https:\/\/new.mecacentre.com\/es\/wp-json\/wp\/v2\/pages\/2350\/revisions"}],"predecessor-version":[{"id":2810,"href":"https:\/\/new.mecacentre.com\/es\/wp-json\/wp\/v2\/pages\/2350\/revisions\/2810"}],"wp:attachment":[{"href":"https:\/\/new.mecacentre.com\/es\/wp-json\/wp\/v2\/media?parent=2350"}],"curies":[{"name":"wp","href":"https:\/\/api.w.org\/{rel}","templated":true}]}}