{"id":2349,"date":"2023-08-22T15:42:42","date_gmt":"2023-08-22T13:42:42","guid":{"rendered":"https:\/\/new.mecacentre.com\/?page_id=2349"},"modified":"2024-05-02T12:17:13","modified_gmt":"2024-05-02T10:17:13","slug":"politica-de-privacidad","status":"publish","type":"page","link":"https:\/\/new.mecacentre.com\/es\/politica-de-privacidad\/","title":{"rendered":"Pol\u00edtica de privacidad"},"content":{"rendered":"<p>MECA CENTRE SL en compliment del que estableix el Reglament General de Protecci\u00f3 de dades (RGPD 2016\/679), informa als usuaris de la p\u00e0gina web www.mecacentre.com:<\/p>\n<h4>QUI \u00c9S EL RESPONSABLE DEL TRACTAMENT DE LES SEVES DADES?<\/h4>\n<p>Les dades que ens facilitin l&#8217;usuari a trav\u00e9s dels formularis d&#8217;aquesta p\u00e0gina web s&#8217;incorporaran a tractaments de responsabilitat de MECA CENTRE SL amb CIF B17330127 i domicili social al C \/ Barris i Buix\u00f3 cant. Picasso, 17200 de Palafrugell (GIRONA). Pot contactar trucant al 972610287 o mitjan\u00e7ant el correu electr\u00f2nic mecacentre@mecacentre.com<\/p>\n<h4>AMB QUINA FINALITAT RECOLLIM LES SEVES DADES?<\/h4>\n<p>En aquesta p\u00e0gina web es recullen dades de car\u00e0cter personal a trav\u00e9s de diferents formularis. Les dades sol\u00b7licitades en cada formulari s\u00f3n els necessaris per a la finalitat per la qual es recullen. La finalitat de tractament s\u00f3n els seg\u00fcents:<br \/>\n&#8211; FORMULARI DE CONTACTE: La finalitat de recollida de dades en aquest formulari \u00e9s poder contestar les consultes plantejades i enviar a l&#8217;usuari la informaci\u00f3 sol\u00b7licitada a trav\u00e9s del correu electr\u00f2nic o tel\u00e8fon indicats en el formulari.<br \/>\n&#8211; CORREU ELECTR\u00d2NIC: Si l&#8217;usuari es posa en contacte a trav\u00e9s del correu electr\u00f2nic publicat en aquesta p\u00e0gina web, les seves dades seran tractades per contestar les consultes plantejades i poder-li enviar la informaci\u00f3 sol\u00b7licitada a trav\u00e9s del correu electr\u00f2nic a trav\u00e9s de el qual es rep la consulta .<\/p>\n<h4>QUANT GUARDEM LES SEVES DADES?<\/h4>\n<p>Les dades facilitades per l&#8217;usuari seran conservats fins que l&#8217;usuari no sol\u00b7liciti la seva supressi\u00f3.<\/p>\n<h4>REALITZEM PERFILS AMB LES SEVES DADES?<\/h4>\n<p>Amb les dades introdu\u00efdes per l&#8217;usuari no es prendran decisions automatitzades ni es realitzaran perfils.<\/p>\n<h4>QU\u00c8 LEGITIMA EL TRACTAMENT DE LES SEVES DADES?<\/h4>\n<p>El tractament de dades est\u00e0 legitimat en el consentiment prestat per l&#8217;usuari al acceptar la nostra pol\u00edtica de privacitat o a l&#8217;enviar-nos un correu electr\u00f2nic a trav\u00e9s del correu publicat a la web.<\/p>\n<p>L&#8217;usuari haur\u00e0 d&#8217;emplenar els camps marcats amb * per poder enviar els formularis emplenats, si no s&#8217;emplenen els camps indicats l&#8217;usuari no podr\u00e0 enviar-los.<\/p>\n<h4>A QUI CEDIM LES SEVES DADES?<\/h4>\n<p>Les seves dades no seran cedides a tercers llevat que hi hagi obligaci\u00f3 legal<\/p>\n<h4>A QUI CEDIM LES SEVES DADES?<\/h4>\n<p>Per al desenvolupament d&#8217;aquesta p\u00e0gina web s&#8217;utilitzen els seg\u00fcents prove\u00efdors de serveis:<br \/>\n&#8211; Hosting: Els servidors on est\u00e0 allotjada la nostra p\u00e0gina web estan ubicats a la UE. Utilitza protocol TLS 1.2 de manera que la comunicaci\u00f3 de dades es fa a trav\u00e9s de canal xifrat.<\/p>\n<h4>QUINS DRETS T\u00c9 I COM EXERCIR-LOS?<\/h4>\n<p>L&#8217;usuari t\u00e9 dret a:<br \/>\n&#8211; accedir a les seves dades personals,<br \/>\n&#8211; sol\u00b7licitar la rectificaci\u00f3 de les dades personals que siguin inexactes<br \/>\n&#8211; sol\u00b7licitar la seva supressi\u00f3 quan, entre altres motius, ja no siguin necessaris per als fins que van ser recollides.<br \/>\n&#8211; sol\u00b7licitar la limitaci\u00f3 del seu tractament, en el cas \u00fanicament es conservaran per a l&#8217;exercici o la defensa de reclamacions.<br \/>\n&#8211; demanar la portabilitat de les seves dades.<br \/>\n&#8211; Per motius relacionats amb la seva situaci\u00f3 particular, podr\u00e0 oposar-se a el tractament dels mateixos i MECA CENTRE SL deixar\u00e0 de tractar-los, excepte per motius leg\u00edtims imperiosos, o l&#8217;exercici o la defensa de possibles reclamacions.<br \/>\n&#8211; L&#8217;usuari podr\u00e0 revocar els consentiments prestats en qualsevol moment<\/p>\n<p>L&#8217;usuari podr\u00e0 exercitar els seus drets a trav\u00e9s de correu electr\u00f2nic mecacentre@mecacentre.com o correu postal C \/ Barris i Buix\u00f3 cant. Picasso, 17200 de Palafrugell (GIRONA), adjuntant fotoc\u00f2pia del DNI i indicant el dret que exercita. L&#8217;usuari tamb\u00e9 podr\u00e0 presentar una reclamaci\u00f3 davant l&#8217;Ag\u00e8ncia Espanyola de Protecci\u00f3 de Dades.<\/p>\n<p>MECA CENTRE SL t\u00e9 implantades totes les mesures de seguretat, per tal de garantir la confidencialitat en l&#8217;emmagatzematge i tractament de les dades personals, aix\u00ed com evitar accessos per part de tercers no autoritzats.<\/p>\n<h4>COM FUNCIONEN LES NOSTRES XARXES SOCIALS?<\/h4>\n<p>A trav\u00e9s de les nostres xarxes socials pots compartir els nostres continguts o deixar-nos els teus comentaris, fotos o v\u00eddeos, sempre que siguin d&#8217;inter\u00e8s per a tota la comunitat.<\/p>\n<p>Les nostres xarxes socials estan constantment supervisades per tal d&#8217;atendre les vostres preguntes i comentaris en el menor temps possible.<\/p>\n<p>Volem que sigui un espai de qu\u00e8 tots gaudim, per la qual cosa \u00e9s important que entre tots respectem unes normes de conviv\u00e8ncia:<\/p>\n<p>1. Tu ets el responsable dels continguts que publiquis, no caiguis en la violaci\u00f3 de qualsevol dret, llei o reglament.<br \/>\n2. Cuida la redacci\u00f3 i el to, evita publicar qualsevol informaci\u00f3 abusiva, difamat\u00f2ria o obscena.<br \/>\n3. Respecta el dret a la privacitat, no facis comentaris il\u00b7l\u00edcits, ofensius o discriminatoris sobre tercers.<br \/>\n4. Evita comentaris fraudulents, enganyosos o que puguin induir a l&#8217;error.<br \/>\n5. No permetem el correu brossa, ni els missatges comercials o publicitaris, no volem missatges repetitius.<br \/>\n6. No mantindrem converses amb perfils que puguem considerar com a falsos.<\/p>\n<p>Si us plau, tingueu en compte que el contingut publicat pels seguidors a les nostres p\u00e0gines no necess\u00e0riament reflecteix el punt de vista de la nostra empresa.<\/p>\n<p>Si els teus comentaris no compleixen les &#8216;Normes de la casa&#8217;, podran ser eliminats, ocultats o bloquejats. Qualsevol que publiqui continguts no permesos ser\u00e0 bloquejat de la comunitat. Reservat el dret a modificar aquestes normes en qualsevol moment i sense previ av\u00eds.<\/p>\n","protected":false},"excerpt":{"rendered":"<p>MECA CENTRE SL en compliment del que estableix el Reglament [&hellip;]<\/p>\n","protected":false},"author":1,"featured_media":0,"parent":0,"menu_order":0,"comment_status":"closed","ping_status":"open","template":"","meta":{"_joinchat":[],"footnotes":""},"class_list":["post-2349","page","type-page","status-publish","hentry"],"yoast_head":"<!-- This site is optimized with the Yoast SEO plugin v21.3 - https:\/\/yoast.com\/wordpress\/plugins\/seo\/ -->\n<title>Pol\u00edtica de privacidad - Meca Centre<\/title>\n<meta name=\"robots\" content=\"index, follow, max-snippet:-1, max-image-preview:large, max-video-preview:-1\" \/>\n<link rel=\"canonical\" href=\"https:\/\/new.mecacentre.com\/es\/politica-de-privacidad\/\" \/>\n<meta property=\"og:locale\" content=\"es_ES\" \/>\n<meta property=\"og:type\" content=\"article\" \/>\n<meta property=\"og:title\" content=\"Pol\u00edtica de privacidad - Meca Centre\" \/>\n<meta property=\"og:description\" content=\"MECA CENTRE SL en compliment del que estableix el Reglament [&hellip;]\" \/>\n<meta property=\"og:url\" content=\"https:\/\/new.mecacentre.com\/es\/politica-de-privacidad\/\" \/>\n<meta property=\"og:site_name\" content=\"Meca Centre\" \/>\n<meta property=\"article:publisher\" content=\"https:\/\/www.facebook.com\/profile.php?id=100064106130613\" \/>\n<meta property=\"article:modified_time\" content=\"2024-05-02T10:17:13+00:00\" \/>\n<meta name=\"twitter:card\" content=\"summary_large_image\" \/>\n<meta name=\"twitter:site\" content=\"@MecaCentre\" \/>\n<meta name=\"twitter:label1\" content=\"Tiempo de lectura\" \/>\n\t<meta name=\"twitter:data1\" content=\"5 minutos\" \/>\n<script type=\"application\/ld+json\" class=\"yoast-schema-graph\">{\"@context\":\"https:\/\/schema.org\",\"@graph\":[{\"@type\":\"WebPage\",\"@id\":\"https:\/\/new.mecacentre.com\/es\/politica-de-privacidad\/\",\"url\":\"https:\/\/new.mecacentre.com\/es\/politica-de-privacidad\/\",\"name\":\"Pol\u00edtica de privacidad - Meca Centre\",\"isPartOf\":{\"@id\":\"https:\/\/new.mecacentre.com\/#website\"},\"datePublished\":\"2023-08-22T13:42:42+00:00\",\"dateModified\":\"2024-05-02T10:17:13+00:00\",\"breadcrumb\":{\"@id\":\"https:\/\/new.mecacentre.com\/es\/politica-de-privacidad\/#breadcrumb\"},\"inLanguage\":\"es\",\"potentialAction\":[{\"@type\":\"ReadAction\",\"target\":[\"https:\/\/new.mecacentre.com\/es\/politica-de-privacidad\/\"]}]},{\"@type\":\"BreadcrumbList\",\"@id\":\"https:\/\/new.mecacentre.com\/es\/politica-de-privacidad\/#breadcrumb\",\"itemListElement\":[{\"@type\":\"ListItem\",\"position\":1,\"name\":\"Portada\",\"item\":\"https:\/\/new.mecacentre.com\/es\/\"},{\"@type\":\"ListItem\",\"position\":2,\"name\":\"Pol\u00edtica de privacidad\"}]},{\"@type\":\"WebSite\",\"@id\":\"https:\/\/new.mecacentre.com\/#website\",\"url\":\"https:\/\/new.mecacentre.com\/\",\"name\":\"Meca Centre\",\"description\":\"\",\"publisher\":{\"@id\":\"https:\/\/new.mecacentre.com\/#organization\"},\"potentialAction\":[{\"@type\":\"SearchAction\",\"target\":{\"@type\":\"EntryPoint\",\"urlTemplate\":\"https:\/\/new.mecacentre.com\/?s={search_term_string}\"},\"query-input\":\"required name=search_term_string\"}],\"inLanguage\":\"es\"},{\"@type\":\"Organization\",\"@id\":\"https:\/\/new.mecacentre.com\/#organization\",\"name\":\"Meca Centre\",\"url\":\"https:\/\/new.mecacentre.com\/\",\"logo\":{\"@type\":\"ImageObject\",\"inLanguage\":\"es\",\"@id\":\"https:\/\/new.mecacentre.com\/#\/schema\/logo\/image\/\",\"url\":\"https:\/\/new.mecacentre.com\/wp-content\/uploads\/2023\/08\/Logo-Meca-Centre-amb-text.jpg\",\"contentUrl\":\"https:\/\/new.mecacentre.com\/wp-content\/uploads\/2023\/08\/Logo-Meca-Centre-amb-text.jpg\",\"width\":798,\"height\":704,\"caption\":\"Meca Centre\"},\"image\":{\"@id\":\"https:\/\/new.mecacentre.com\/#\/schema\/logo\/image\/\"},\"sameAs\":[\"https:\/\/www.facebook.com\/profile.php?id=100064106130613\",\"https:\/\/twitter.com\/MecaCentre\",\"https:\/\/www.instagram.com\/mecacentre\/\"]}]}<\/script>\n<!-- \/ Yoast SEO plugin. -->","yoast_head_json":{"title":"Pol\u00edtica de privacidad - Meca Centre","robots":{"index":"index","follow":"follow","max-snippet":"max-snippet:-1","max-image-preview":"max-image-preview:large","max-video-preview":"max-video-preview:-1"},"canonical":"https:\/\/new.mecacentre.com\/es\/politica-de-privacidad\/","og_locale":"es_ES","og_type":"article","og_title":"Pol\u00edtica de privacidad - Meca Centre","og_description":"MECA CENTRE SL en compliment del que estableix el Reglament [&hellip;]","og_url":"https:\/\/new.mecacentre.com\/es\/politica-de-privacidad\/","og_site_name":"Meca Centre","article_publisher":"https:\/\/www.facebook.com\/profile.php?id=100064106130613","article_modified_time":"2024-05-02T10:17:13+00:00","twitter_card":"summary_large_image","twitter_site":"@MecaCentre","twitter_misc":{"Tiempo de lectura":"5 minutos"},"schema":{"@context":"https:\/\/schema.org","@graph":[{"@type":"WebPage","@id":"https:\/\/new.mecacentre.com\/es\/politica-de-privacidad\/","url":"https:\/\/new.mecacentre.com\/es\/politica-de-privacidad\/","name":"Pol\u00edtica de privacidad - Meca Centre","isPartOf":{"@id":"https:\/\/new.mecacentre.com\/#website"},"datePublished":"2023-08-22T13:42:42+00:00","dateModified":"2024-05-02T10:17:13+00:00","breadcrumb":{"@id":"https:\/\/new.mecacentre.com\/es\/politica-de-privacidad\/#breadcrumb"},"inLanguage":"es","potentialAction":[{"@type":"ReadAction","target":["https:\/\/new.mecacentre.com\/es\/politica-de-privacidad\/"]}]},{"@type":"BreadcrumbList","@id":"https:\/\/new.mecacentre.com\/es\/politica-de-privacidad\/#breadcrumb","itemListElement":[{"@type":"ListItem","position":1,"name":"Portada","item":"https:\/\/new.mecacentre.com\/es\/"},{"@type":"ListItem","position":2,"name":"Pol\u00edtica de privacidad"}]},{"@type":"WebSite","@id":"https:\/\/new.mecacentre.com\/#website","url":"https:\/\/new.mecacentre.com\/","name":"Meca Centre","description":"","publisher":{"@id":"https:\/\/new.mecacentre.com\/#organization"},"potentialAction":[{"@type":"SearchAction","target":{"@type":"EntryPoint","urlTemplate":"https:\/\/new.mecacentre.com\/?s={search_term_string}"},"query-input":"required name=search_term_string"}],"inLanguage":"es"},{"@type":"Organization","@id":"https:\/\/new.mecacentre.com\/#organization","name":"Meca Centre","url":"https:\/\/new.mecacentre.com\/","logo":{"@type":"ImageObject","inLanguage":"es","@id":"https:\/\/new.mecacentre.com\/#\/schema\/logo\/image\/","url":"https:\/\/new.mecacentre.com\/wp-content\/uploads\/2023\/08\/Logo-Meca-Centre-amb-text.jpg","contentUrl":"https:\/\/new.mecacentre.com\/wp-content\/uploads\/2023\/08\/Logo-Meca-Centre-amb-text.jpg","width":798,"height":704,"caption":"Meca Centre"},"image":{"@id":"https:\/\/new.mecacentre.com\/#\/schema\/logo\/image\/"},"sameAs":["https:\/\/www.facebook.com\/profile.php?id=100064106130613","https:\/\/twitter.com\/MecaCentre","https:\/\/www.instagram.com\/mecacentre\/"]}]}},"_links":{"self":[{"href":"https:\/\/new.mecacentre.com\/es\/wp-json\/wp\/v2\/pages\/2349","targetHints":{"allow":["GET"]}}],"collection":[{"href":"https:\/\/new.mecacentre.com\/es\/wp-json\/wp\/v2\/pages"}],"about":[{"href":"https:\/\/new.mecacentre.com\/es\/wp-json\/wp\/v2\/types\/page"}],"author":[{"embeddable":true,"href":"https:\/\/new.mecacentre.com\/es\/wp-json\/wp\/v2\/users\/1"}],"replies":[{"embeddable":true,"href":"https:\/\/new.mecacentre.com\/es\/wp-json\/wp\/v2\/comments?post=2349"}],"version-history":[{"count":3,"href":"https:\/\/new.mecacentre.com\/es\/wp-json\/wp\/v2\/pages\/2349\/revisions"}],"predecessor-version":[{"id":2807,"href":"https:\/\/new.mecacentre.com\/es\/wp-json\/wp\/v2\/pages\/2349\/revisions\/2807"}],"wp:attachment":[{"href":"https:\/\/new.mecacentre.com\/es\/wp-json\/wp\/v2\/media?parent=2349"}],"curies":[{"name":"wp","href":"https:\/\/api.w.org\/{rel}","templated":true}]}}